
{"id":4845,"date":"2021-02-10T10:34:38","date_gmt":"2022-01-24T15:37:01","guid":{"rendered":"https:\/\/lesvergersdeducy.fr\/produit\/extra-brut-cider-box-of-6\/"},"modified":"2023-11-22T09:58:48","modified_gmt":"2023-11-22T08:58:48","slug":"cider-extra-brut-box-of-6","status":"publish","type":"product","link":"https:\/\/lesvergersdeducy.fr\/en\/produit\/cider-extra-brut-box-of-6\/","title":{"rendered":"Extra-brut cider &#8211; box of 6"},"content":{"rendered":"<p>[et_pb_section fb_built=&#8221;1&#8243; _builder_version=&#8221;4.16&#8243; custom_padding=&#8221;0px||||false|false&#8221; global_colors_info=&#8221;{}&#8221;][et_pb_row _builder_version=&#8221;4.16&#8243; background_size=&#8221;initial&#8221; background_position=&#8221;top_left&#8221; background_repeat=&#8221;repeat&#8221; width=&#8221;100%&#8221; custom_padding=&#8221;0px||0px||false|false&#8221; global_colors_info=&#8221;{}&#8221;][et_pb_column type=&#8221;4_4&#8243; _builder_version=&#8221;4.16&#8243; custom_padding=&#8221;|||&#8221; global_colors_info=&#8221;{}&#8221; custom_padding__hover=&#8221;|||&#8221;][et_pb_wc_breadcrumb _builder_version=&#8221;4.16&#8243; global_colors_info=&#8221;{}&#8221;][\/et_pb_wc_breadcrumb][et_pb_wc_cart_notice _builder_version=&#8221;4.16&#8243; text_orientation=&#8221;center&#8221; global_colors_info=&#8221;{}&#8221;][\/et_pb_wc_cart_notice][\/et_pb_column][\/et_pb_row][et_pb_row column_structure=&#8221;1_2,1_2&#8243; _builder_version=&#8221;4.16&#8243; background_size=&#8221;initial&#8221; background_position=&#8221;top_left&#8221; background_repeat=&#8221;repeat&#8221; width=&#8221;100%&#8221; custom_padding=&#8221;0px||||false|false&#8221; global_colors_info=&#8221;{}&#8221;][et_pb_column type=&#8221;1_2&#8243; _builder_version=&#8221;4.16&#8243; custom_padding=&#8221;|||&#8221; global_colors_info=&#8221;{}&#8221; custom_padding__hover=&#8221;|||&#8221;][et_pb_wc_images _builder_version=&#8221;4.16&#8243; global_colors_info=&#8221;{}&#8221;][\/et_pb_wc_images][\/et_pb_column][et_pb_column type=&#8221;1_2&#8243; _builder_version=&#8221;4.16&#8243; custom_padding=&#8221;|||&#8221; global_colors_info=&#8221;{}&#8221; custom_padding__hover=&#8221;|||&#8221;][et_pb_wc_title _builder_version=&#8221;4.16&#8243; header_text_align=&#8221;center&#8221; global_colors_info=&#8221;{}&#8221;][\/et_pb_wc_title][et_pb_wc_rating _builder_version=&#8221;4.16&#8243; text_orientation=&#8221;center&#8221; global_colors_info=&#8221;{}&#8221;][\/et_pb_wc_rating][et_pb_wc_price _builder_version=&#8221;4.16&#8243; text_orientation=&#8221;center&#8221; global_colors_info=&#8221;{}&#8221;][\/et_pb_wc_price][et_pb_wc_description _builder_version=&#8221;4.16&#8243; body_font_size=&#8221;16px&#8221; global_colors_info=&#8221;{}&#8221;][\/et_pb_wc_description][et_pb_wc_add_to_cart _builder_version=&#8221;4.16&#8243; global_colors_info=&#8221;{}&#8221;][\/et_pb_wc_add_to_cart][\/et_pb_column][\/et_pb_row][et_pb_row _builder_version=&#8221;4.16&#8243; background_size=&#8221;initial&#8221; background_position=&#8221;top_left&#8221; background_repeat=&#8221;repeat&#8221; width=&#8221;100%&#8221; global_colors_info=&#8221;{}&#8221;][et_pb_column type=&#8221;4_4&#8243; _builder_version=&#8221;4.16&#8243; custom_padding=&#8221;|||&#8221; global_colors_info=&#8221;{}&#8221; custom_padding__hover=&#8221;|||&#8221;][et_pb_wc_meta _builder_version=&#8221;4.16&#8243; global_colors_info=&#8221;{}&#8221;][\/et_pb_wc_meta][et_pb_wc_tabs _builder_version=&#8221;4.16&#8243; body_font_size=&#8221;16px&#8221; global_colors_info=&#8221;{}&#8221;] [\/et_pb_wc_tabs][et_pb_wc_upsells _builder_version=&#8221;4.16&#8243; global_colors_info=&#8221;{}&#8221;][\/et_pb_wc_upsells][et_pb_wc_related_products posts_number=&#8221;4&#8243; columns_number=&#8221;4&#8243; orderby=&#8221;popularity&#8221; _builder_version=&#8221;4.16&#8243; title_font=&#8221;|600|||||||&#8221; title_text_align=&#8221;center&#8221; title_text_color=&#8221;#00b050&#8243; title_font_size=&#8221;22px&#8221; product_title_font_size=&#8221;22px&#8221; text_orientation=&#8221;center&#8221; global_colors_info=&#8221;{}&#8221;][\/et_pb_wc_related_products][\/et_pb_column][\/et_pb_row][\/et_pb_section]<\/p>\n","protected":false},"excerpt":{"rendered":"<p>TASTING<\/p>\n<ul>\n<li>TO THE APPEARANCE: golden liquid, sparkling<\/li>\n<li>ON THE NOSE: Typical of apple, vegetal<\/li>\n<li>IN THE MOUTH: Bitterness, fresh fruit, refreshing<\/li>\n<\/ul>\n<p>OUR ADVICE: to be enjoyed chilled (between 8\u00b0C and 10\u00b0C) to accompany meals or aperitifs.<\/p>\n<p><img decoding=\"async\" class=\"alignnone wp-image-3209 lazyload\" data-src=\"https:\/\/lesvergersdeducy.fr\/wp-content\/uploads\/2021\/02\/Logo-IGP.png\" alt=\"\" width=\"49\" height=\"49\" src=\"data:image\/svg+xml;base64,PHN2ZyB3aWR0aD0iMSIgaGVpZ2h0PSIxIiB4bWxucz0iaHR0cDovL3d3dy53My5vcmcvMjAwMC9zdmciPjwvc3ZnPg==\" style=\"--smush-placeholder-width: 49px; --smush-placeholder-aspect-ratio: 49\/49;\"><\/p>\n","protected":false},"featured_media":6998,"comment_status":"closed","ping_status":"closed","template":"","meta":{"_et_pb_use_builder":"on","_et_pb_old_content":"<p class=\"TableContents\">Le cidre Extra-brut de la Flaguerie r\u00e9sulte d'une fermentation lente et ma\u00eetris\u00e9e du mo\u00fbt de pomme, lui conf\u00e9rant un go\u00fbt fruit\u00e9 et rafra\u00eechissant.<\/p>\r\nLes pommes utilis\u00e9es pour ce cidre sont issues de diff\u00e9rentes vari\u00e9t\u00e9s de pommes \u00e0 cidre amertum\u00e9es, douces-am\u00e8res et acidul\u00e9es cultiv\u00e9es dans nos vergers et assembl\u00e9es par nos sp\u00e9cialistes.\r\n\r\n<em>L\u2019abus d\u2019alcool est dangereux pour la sant\u00e9. A consommer avec mod\u00e9ration<\/em>\r\n\r\nTYPE DE CONDITIONNEMENT : Carton de 6 Bouteilles de 75 cl\r\n\r\nPoids : environ 10kg","_et_gb_content_width":""},"product_brand":[],"product_cat":[2050,2046],"product_tag":[2052,2086,2082,2055],"class_list":{"0":"post-4845","1":"product","2":"type-product","3":"status-publish","4":"has-post-thumbnail","6":"product_cat-4-our-ciders","7":"product_cat-all-our-products","8":"product_tag-ciders","9":"product_tag-extra-gross","10":"product_tag-raw","11":"product_tag-sparkling","13":"first","14":"instock","15":"purchasable","16":"product-type-simple"},"_links":{"self":[{"href":"https:\/\/lesvergersdeducy.fr\/en\/wp-json\/wp\/v2\/product\/4845","targetHints":{"allow":["GET"]}}],"collection":[{"href":"https:\/\/lesvergersdeducy.fr\/en\/wp-json\/wp\/v2\/product"}],"about":[{"href":"https:\/\/lesvergersdeducy.fr\/en\/wp-json\/wp\/v2\/types\/product"}],"replies":[{"embeddable":true,"href":"https:\/\/lesvergersdeducy.fr\/en\/wp-json\/wp\/v2\/comments?post=4845"}],"wp:featuredmedia":[{"embeddable":true,"href":"https:\/\/lesvergersdeducy.fr\/en\/wp-json\/wp\/v2\/media\/6998"}],"wp:attachment":[{"href":"https:\/\/lesvergersdeducy.fr\/en\/wp-json\/wp\/v2\/media?parent=4845"}],"wp:term":[{"taxonomy":"product_brand","embeddable":true,"href":"https:\/\/lesvergersdeducy.fr\/en\/wp-json\/wp\/v2\/product_brand?post=4845"},{"taxonomy":"product_cat","embeddable":true,"href":"https:\/\/lesvergersdeducy.fr\/en\/wp-json\/wp\/v2\/product_cat?post=4845"},{"taxonomy":"product_tag","embeddable":true,"href":"https:\/\/lesvergersdeducy.fr\/en\/wp-json\/wp\/v2\/product_tag?post=4845"}],"curies":[{"name":"wp","href":"https:\/\/api.w.org\/{rel}","templated":true}]}}